{"id":16053,"date":"2021-03-22T20:34:05","date_gmt":"2021-03-22T19:34:05","guid":{"rendered":"https:\/\/www.awkis.fr\/?page_id=16053"},"modified":"2021-03-22T20:34:05","modified_gmt":"2021-03-22T19:34:05","slug":"mentions-legales","status":"publish","type":"page","link":"https:\/\/preprod.awkis.fr\/?page_id=16053","title":{"rendered":"Mentions l\u00e9gales"},"content":{"rendered":"\t\t<div data-elementor-type=\"wp-page\" data-elementor-id=\"16053\" class=\"elementor elementor-16053\">\n\t\t\t\t\t\t\t\t\t<section class=\"elementor-section elementor-top-section elementor-element elementor-element-ba19681 elementor-section-full_width elementor-section-height-min-height elementor-section-items-top elementor-section-height-default\" data-id=\"ba19681\" data-element_type=\"section\">\n\t\t\t\t\t\t\t<div class=\"elementor-background-overlay\"><\/div>\n\t\t\t\t\t\t\t<div class=\"elementor-container elementor-column-gap-default\">\n\t\t\t\t\t<div class=\"elementor-column elementor-col-100 elementor-top-column elementor-element elementor-element-d618766\" data-id=\"d618766\" data-element_type=\"column\">\n\t\t\t<div class=\"elementor-widget-wrap elementor-element-populated\">\n\t\t\t\t\t\t\t\t<section class=\"elementor-section elementor-inner-section elementor-element elementor-element-2255de9 elementor-section-full_width elementor-section-height-default elementor-section-height-default\" data-id=\"2255de9\" data-element_type=\"section\">\n\t\t\t\t\t\t<div class=\"elementor-container elementor-column-gap-default\">\n\t\t\t\t\t<div class=\"elementor-column elementor-col-50 elementor-inner-column elementor-element elementor-element-d04fa24\" data-id=\"d04fa24\" data-element_type=\"column\">\n\t\t\t<div class=\"elementor-widget-wrap elementor-element-populated\">\n\t\t\t\t\t\t\t\t<div class=\"elementor-element elementor-element-b4f5cc8 elementor-hidden-tablet elementor-hidden-phone elementor-widget elementor-widget-image\" data-id=\"b4f5cc8\" data-element_type=\"widget\" data-widget_type=\"image.default\">\n\t\t\t\t<div class=\"elementor-widget-container\">\n\t\t\t<style>\/*! elementor - v3.6.4 - 13-04-2022 *\/\n.elementor-widget-image{text-align:center}.elementor-widget-image a{display:inline-block}.elementor-widget-image a img[src$=\".svg\"]{width:48px}.elementor-widget-image img{vertical-align:middle;display:inline-block}<\/style>\t\t\t\t\t\t\t\t\t\t\t\t<img loading=\"lazy\" decoding=\"async\" width=\"73\" height=\"51\" src=\"https:\/\/preprod.awkis.fr\/wp-content\/uploads\/2016\/01\/logo.png\" class=\"attachment-large size-large\" alt=\"\" \/>\t\t\t\t\t\t\t\t\t\t\t\t\t\t\t<\/div>\n\t\t\t\t<\/div>\n\t\t\t\t\t<\/div>\n\t\t<\/div>\n\t\t\t\t<div class=\"elementor-column elementor-col-50 elementor-inner-column elementor-element elementor-element-b09371a\" data-id=\"b09371a\" data-element_type=\"column\">\n\t\t\t<div class=\"elementor-widget-wrap\">\n\t\t\t\t\t\t\t\t\t<\/div>\n\t\t<\/div>\n\t\t\t\t\t\t\t<\/div>\n\t\t<\/section>\n\t\t\t\t<div class=\"elementor-element elementor-element-0a5b7e7 elementor-widget elementor-widget-heading\" data-id=\"0a5b7e7\" data-element_type=\"widget\" data-widget_type=\"heading.default\">\n\t\t\t\t<div class=\"elementor-widget-container\">\n\t\t\t<style>\/*! elementor - v3.6.4 - 13-04-2022 *\/\n.elementor-heading-title{padding:0;margin:0;line-height:1}.elementor-widget-heading .elementor-heading-title[class*=elementor-size-]>a{color:inherit;font-size:inherit;line-height:inherit}.elementor-widget-heading .elementor-heading-title.elementor-size-small{font-size:15px}.elementor-widget-heading .elementor-heading-title.elementor-size-medium{font-size:19px}.elementor-widget-heading .elementor-heading-title.elementor-size-large{font-size:29px}.elementor-widget-heading .elementor-heading-title.elementor-size-xl{font-size:39px}.elementor-widget-heading .elementor-heading-title.elementor-size-xxl{font-size:59px}<\/style><h2 class=\"elementor-heading-title elementor-size-default\">Mentions l\u00e9gales<\/h2>\t\t<\/div>\n\t\t\t\t<\/div>\n\t\t\t\t\t<\/div>\n\t\t<\/div>\n\t\t\t\t\t\t\t<\/div>\n\t\t<\/section>\n\t\t\t\t<section class=\"elementor-section elementor-top-section elementor-element elementor-element-cfe9a90 elementor-section-boxed elementor-section-height-default elementor-section-height-default\" data-id=\"cfe9a90\" data-element_type=\"section\">\n\t\t\t\t\t\t<div class=\"elementor-container elementor-column-gap-default\">\n\t\t\t\t\t<div class=\"elementor-column elementor-col-100 elementor-top-column elementor-element elementor-element-93abf6b\" data-id=\"93abf6b\" data-element_type=\"column\">\n\t\t\t<div class=\"elementor-widget-wrap elementor-element-populated\">\n\t\t\t\t\t\t\t\t<div class=\"elementor-element elementor-element-f5f763d elementor-widget elementor-widget-text-editor\" data-id=\"f5f763d\" data-element_type=\"widget\" data-widget_type=\"text-editor.default\">\n\t\t\t\t<div class=\"elementor-widget-container\">\n\t\t\t<style>\/*! elementor - v3.6.4 - 13-04-2022 *\/\n.elementor-widget-text-editor.elementor-drop-cap-view-stacked .elementor-drop-cap{background-color:#818a91;color:#fff}.elementor-widget-text-editor.elementor-drop-cap-view-framed .elementor-drop-cap{color:#818a91;border:3px solid;background-color:transparent}.elementor-widget-text-editor:not(.elementor-drop-cap-view-default) .elementor-drop-cap{margin-top:8px}.elementor-widget-text-editor:not(.elementor-drop-cap-view-default) .elementor-drop-cap-letter{width:1em;height:1em}.elementor-widget-text-editor .elementor-drop-cap{float:left;text-align:center;line-height:1;font-size:50px}.elementor-widget-text-editor .elementor-drop-cap-letter{display:inline-block}<\/style>\t\t\t\t<p class=\"p1\"><span class=\"s1\">Le pr\u00e9sent site web est \u00e9dit\u00e9 par Awkis, Selarl d\u2019avocats au capital de 3.000\u20ac, inscrite au RCS de Paris sous le num\u00e9ro 817\u00a0473\u00a0747, situ\u00e9e 36 rue Boissonade 75014 Paris, tel\u00a0: 01.84.25.99.48 (awkis(at)awkis.com). <\/span><\/p><p class=\"p1\"><span class=\"s1\">Le site est h\u00e9berg\u00e9 par OVH, SARL au capital de 10.174.560\u20ac, identifi\u00e9e sous le num\u00e9ro RCS Lille 424\u00a0761\u00a0419, ayant son si\u00e8ge social 2 rue Kellermann 59100 Roubaix. <\/span><\/p><p class=\"p1\"><span class=\"s1\">Le site est r\u00e9serv\u00e9 \u00e0 l\u2019usage priv\u00e9 de chaque utilisateur. <\/span><\/p><p class=\"p1\"><span class=\"s1\">La pr\u00e9sentation et l\u2019ensemble des contenus pr\u00e9sents sur ce site sont propri\u00e9t\u00e9 exclusive d\u2019Awkis, et sont prot\u00e9g\u00e9s par les lois en vigueur sur la propri\u00e9t\u00e9 intellectuelle. L\u2019utilisateur n\u2019est pas autoris\u00e9 \u00e0 reproduire sur quelque support que ce soit ou \u00e0 cr\u00e9er un lien hypertexte vers le site et\/ou une page quelconque de site et\/ou d\u2019un fichier s\u2019y trouvant sans l\u2019accord pr\u00e9alable et expr\u00e8s d\u2019Awkis. <\/span><\/p><p class=\"p1\"><span class=\"s1\">Les informations consultables sur le pr\u00e9sent site ne constituent en aucune fa\u00e7on une offre de services, ni une offre ou une recommandation et\/ou une sollicitation d\u2019offre de ces services. <\/span><\/p><p class=\"p1\"><span class=\"s1\">L\u2019utilisateur est seul responsable de l\u2019usage qu\u2019il fait des informations fournies sur ce pr\u00e9sent site et Awkis ne pourra en aucun cas \u00eatre tenu responsable de tous dommages pouvant r\u00e9sulter de l\u2019utilisation de ces informations. <\/span><\/p><p class=\"p1\"><span class=\"s1\">Le cabinet ne garantit pas l\u2019acc\u00e8s continu de ce site. <\/span><\/p><p class=\"p1\"><span class=\"s1\">Les informations juridiques pr\u00e9sentes sur ce site ont pour objet d\u2019attirer l\u2019attention des professionnels sur l\u2019actualit\u00e9 du droit dans leur domaine. Elle ne vise pas \u00e0 l\u2019exhaustivit\u00e9 et ne saurait se substituer \u00e0 une recherche juridique propre \u00e0 un dossier.<\/span><\/p>\t\t\t\t\t\t<\/div>\n\t\t\t\t<\/div>\n\t\t\t\t\t<\/div>\n\t\t<\/div>\n\t\t\t\t\t\t\t<\/div>\n\t\t<\/section>\n\t\t\t\t<section class=\"elementor-section elementor-top-section elementor-element elementor-element-b06d6b8 elementor-section-boxed elementor-section-height-default elementor-section-height-default\" data-id=\"b06d6b8\" data-element_type=\"section\">\n\t\t\t\t\t\t<div class=\"elementor-container elementor-column-gap-default\">\n\t\t\t\t\t<div class=\"elementor-column elementor-col-100 elementor-top-column elementor-element elementor-element-413c7ee\" data-id=\"413c7ee\" data-element_type=\"column\">\n\t\t\t<div class=\"elementor-widget-wrap elementor-element-populated\">\n\t\t\t\t\t\t\t\t<div class=\"elementor-element elementor-element-23cfa9a elementor-widget elementor-widget-image\" data-id=\"23cfa9a\" data-element_type=\"widget\" data-widget_type=\"image.default\">\n\t\t\t\t<div class=\"elementor-widget-container\">\n\t\t\t\t\t\t\t\t\t\t\t\t\t\t\t<img loading=\"lazy\" decoding=\"async\" width=\"73\" height=\"51\" src=\"https:\/\/preprod.awkis.fr\/wp-content\/uploads\/2021\/03\/logo.png\" class=\"attachment-thumbnail size-thumbnail\" alt=\"\" \/>\t\t\t\t\t\t\t\t\t\t\t\t\t\t\t<\/div>\n\t\t\t\t<\/div>\n\t\t\t\t<div class=\"elementor-element elementor-element-f553f92 elementor-widget elementor-widget-text-editor\" data-id=\"f553f92\" data-element_type=\"widget\" data-widget_type=\"text-editor.default\">\n\t\t\t\t<div class=\"elementor-widget-container\">\n\t\t\t\t\t\t\t<p><a style=\"color: #7a7a7a;\" href=\"https:\/\/www.awkis.fr\/accueil\/#singularite\">Singularit\u00e9<\/a> \/ <a style=\"color: #7a7a7a;\" href=\"https:\/\/www.awkis.fr\/accueil\/#specificite\">Sp\u00e9cificit\u00e9s<\/a> \/ C<a style=\"color: #7a7a7a;\" href=\"https:\/\/www.awkis.fr\/accueil\/#contact\">ontact<\/a> \/ A<a style=\"color: #7a7a7a;\" href=\"https:\/\/www.awkis.fr\/notre-actualite\/\">ctualit\u00e9s<\/a><\/p>\t\t\t\t\t\t<\/div>\n\t\t\t\t<\/div>\n\t\t\t\t<div class=\"elementor-element elementor-element-2052b04 elementor-widget elementor-widget-text-editor\" data-id=\"2052b04\" data-element_type=\"widget\" data-widget_type=\"text-editor.default\">\n\t\t\t\t<div class=\"elementor-widget-container\">\n\t\t\t\t\t\t\t<p><a style=\"color: #7a7a7a;\" href=\"https:\/\/www.awkis.fr\/politique-de-confidentialite\/\">Politique de confidentialit\u00e9<\/a> \/ <a style=\"color: #7a7a7a;\" href=\"https:\/\/www.awkis.fr\/mentions-legales\/\">Mentions l\u00e9gales<\/a><\/p>\t\t\t\t\t\t<\/div>\n\t\t\t\t<\/div>\n\t\t\t\t\t<\/div>\n\t\t<\/div>\n\t\t\t\t\t\t\t<\/div>\n\t\t<\/section>\n\t\t\t\t\t\t\t<\/div>\n\t\t","protected":false},"excerpt":{"rendered":"<p>Mentions l\u00e9gales Le pr\u00e9sent site web est \u00e9dit\u00e9 par Awkis, Selarl d\u2019avocats au capital de 3.000\u20ac, inscrite au RCS de Paris sous le num\u00e9ro 817\u00a0473\u00a0747, situ\u00e9e 36 rue Boissonade 75014 Paris, tel\u00a0: 01.84.25.99.48 (awkis(at)awkis.com). Le site est h\u00e9berg\u00e9 par OVH, SARL au capital de 10.174.560\u20ac, identifi\u00e9e sous le num\u00e9ro RCS Lille 424\u00a0761\u00a0419, ayant son si\u00e8ge [&hellip;]<\/p>\n","protected":false},"author":1,"featured_media":0,"parent":0,"menu_order":0,"comment_status":"closed","ping_status":"closed","template":"elementor_canvas","meta":{"footnotes":""},"class_list":["post-16053","page","type-page","status-publish","hentry"],"_links":{"self":[{"href":"https:\/\/preprod.awkis.fr\/index.php?rest_route=\/wp\/v2\/pages\/16053","targetHints":{"allow":["GET"]}}],"collection":[{"href":"https:\/\/preprod.awkis.fr\/index.php?rest_route=\/wp\/v2\/pages"}],"about":[{"href":"https:\/\/preprod.awkis.fr\/index.php?rest_route=\/wp\/v2\/types\/page"}],"author":[{"embeddable":true,"href":"https:\/\/preprod.awkis.fr\/index.php?rest_route=\/wp\/v2\/users\/1"}],"replies":[{"embeddable":true,"href":"https:\/\/preprod.awkis.fr\/index.php?rest_route=%2Fwp%2Fv2%2Fcomments&post=16053"}],"version-history":[{"count":0,"href":"https:\/\/preprod.awkis.fr\/index.php?rest_route=\/wp\/v2\/pages\/16053\/revisions"}],"wp:attachment":[{"href":"https:\/\/preprod.awkis.fr\/index.php?rest_route=%2Fwp%2Fv2%2Fmedia&parent=16053"}],"curies":[{"name":"wp","href":"https:\/\/api.w.org\/{rel}","templated":true}]}}